{"id":27143,"date":"2025-11-02T19:13:45","date_gmt":"2025-11-02T19:13:45","guid":{"rendered":"https:\/\/veidrodisplius.lt\/?post_type=product&#038;p=27143"},"modified":"2025-12-01T21:44:46","modified_gmt":"2025-12-01T21:44:46","slug":"veidrodis-su-juodu-aliuminio-remu-110x40-cm-m-398","status":"publish","type":"product","link":"https:\/\/veidrodisplius.lt\/en\/product\/veidrodis-su-juodu-aliuminio-remu-110x40-cm-m-398\/","title":{"rendered":"Veidrodis su juodu aliuminio r\u0117mu  110&#215;40 cm, M-398"},"content":{"rendered":"<h3>Veidrodis su juodu aliuminio r\u0117mu 110&#215;40 cm<\/h3>\n<p>Veidrodis su juodu aliuminio r\u0117meliu. Veidrod\u017eio r\u0117melis sta\u010diakampio\u00a0 formos. R\u0117mo plotis 7 mm.\u00a0 Veidrodis yra atsparus dr\u0117gmei tinka vonios kambariui. \u0160is veidrodis b\u016btinai\u00a0 papuo\u0161, bet kur\u012f kambar\u012f J\u016bs\u0173 namuose.<\/p>\n<p><strong>Veidrod\u017eio technin\u0117s\u00a0 savyb\u0117s:<\/strong><br \/>\nstoris: 4 mm<br \/>\nveidrod\u017eio spalva: sidabrin\u0117,<br \/>\nr\u0117mo spalva:\u00a0 juoda<br \/>\nkabinamas:\u00a0 vertikaliai ir horizontaliai<br \/>\nsvoris: 4 kg<br \/>\nleistina matmen\u0173 paklaida: + &#8211; 3 mm<br \/>\nkiekis: 1 vnt.<\/p>\n<p>Veidrod\u017eio i\u0161matavimai su r\u0117mu: 110x40x1,7 cm<\/p>\n<p><span style=\"color: #ff0000;\"><a style=\"color: #ff0000;\" href=\"https:\/\/www.veidrodisplius.lt\/veidrodzio-pakabinimo-instrukcija\/\">Veidrod\u017eio kabinimo instrukcija<\/a><\/span><\/p>\n<p>Gamintojo garantija:\u00a0 2 metai<\/p>\n<p>&nbsp;<\/p>\n","protected":false},"excerpt":{"rendered":"<p>Veidrodis su juodu aliuminio r\u0117meliu. Veidrodis 110&#215;40 cm<\/p>\n","protected":false},"featured_media":27147,"comment_status":"open","ping_status":"closed","template":"","meta":{"_acf_changed":false,"_exactmetrics_skip_tracking":false,"_exactmetrics_sitenote_active":false,"_exactmetrics_sitenote_note":"","_exactmetrics_sitenote_category":0,"site-sidebar-layout":"default","site-content-layout":"","ast-site-content-layout":"default","site-content-style":"default","site-sidebar-style":"default","ast-global-header-display":"","ast-banner-title-visibility":"","ast-main-header-display":"","ast-hfb-above-header-display":"","ast-hfb-below-header-display":"","ast-hfb-mobile-header-display":"","site-post-title":"","ast-breadcrumbs-content":"","ast-featured-img":"","footer-sml-layout":"","ast-disable-related-posts":"","theme-transparent-header-meta":"","adv-header-id-meta":"","stick-header-meta":"","header-above-stick-meta":"","header-main-stick-meta":"","header-below-stick-meta":"","astra-migrate-meta-layouts":"default","ast-page-background-enabled":"default","ast-page-background-meta":{"desktop":{"background-color":"var(--ast-global-color-5)","background-image":"","background-repeat":"repeat","background-position":"center center","background-size":"auto","background-attachment":"scroll","background-type":"","background-media":"","overlay-type":"","overlay-color":"","overlay-opacity":"","overlay-gradient":""},"tablet":{"background-color":"","background-image":"","background-repeat":"repeat","background-position":"center center","background-size":"auto","background-attachment":"scroll","background-type":"","background-media":"","overlay-type":"","overlay-color":"","overlay-opacity":"","overlay-gradient":""},"mobile":{"background-color":"","background-image":"","background-repeat":"repeat","background-position":"center center","background-size":"auto","background-attachment":"scroll","background-type":"","background-media":"","overlay-type":"","overlay-color":"","overlay-opacity":"","overlay-gradient":""}},"ast-content-background-meta":{"desktop":{"background-color":"var(--ast-global-color-4)","background-image":"","background-repeat":"repeat","background-position":"center center","background-size":"auto","background-attachment":"scroll","background-type":"","background-media":"","overlay-type":"","overlay-color":"","overlay-opacity":"","overlay-gradient":""},"tablet":{"background-color":"var(--ast-global-color-4)","background-image":"","background-repeat":"repeat","background-position":"center center","background-size":"auto","background-attachment":"scroll","background-type":"","background-media":"","overlay-type":"","overlay-color":"","overlay-opacity":"","overlay-gradient":""},"mobile":{"background-color":"var(--ast-global-color-4)","background-image":"","background-repeat":"repeat","background-position":"center center","background-size":"auto","background-attachment":"scroll","background-type":"","background-media":"","overlay-type":"","overlay-color":"","overlay-opacity":"","overlay-gradient":""}}},"product_brand":[],"product_cat":[209],"product_tag":[],"class_list":{"0":"post-27143","1":"product","2":"type-product","3":"status-publish","4":"has-post-thumbnail","6":"product_cat-juodas-remas","7":"desktop-align-left","8":"tablet-align-left","9":"mobile-align-left","10":"ast-product-gallery-layout-horizontal-slider","11":"ast-product-tabs-layout-horizontal","13":"first","14":"instock","15":"taxable","16":"shipping-taxable","17":"purchasable","18":"product-type-simple"},"acf":[],"_links":{"self":[{"href":"https:\/\/veidrodisplius.lt\/en\/wp-json\/wp\/v2\/product\/27143","targetHints":{"allow":["GET"]}}],"collection":[{"href":"https:\/\/veidrodisplius.lt\/en\/wp-json\/wp\/v2\/product"}],"about":[{"href":"https:\/\/veidrodisplius.lt\/en\/wp-json\/wp\/v2\/types\/product"}],"replies":[{"embeddable":true,"href":"https:\/\/veidrodisplius.lt\/en\/wp-json\/wp\/v2\/comments?post=27143"}],"wp:featuredmedia":[{"embeddable":true,"href":"https:\/\/veidrodisplius.lt\/en\/wp-json\/wp\/v2\/media\/27147"}],"wp:attachment":[{"href":"https:\/\/veidrodisplius.lt\/en\/wp-json\/wp\/v2\/media?parent=27143"}],"wp:term":[{"taxonomy":"product_brand","embeddable":true,"href":"https:\/\/veidrodisplius.lt\/en\/wp-json\/wp\/v2\/product_brand?post=27143"},{"taxonomy":"product_cat","embeddable":true,"href":"https:\/\/veidrodisplius.lt\/en\/wp-json\/wp\/v2\/product_cat?post=27143"},{"taxonomy":"product_tag","embeddable":true,"href":"https:\/\/veidrodisplius.lt\/en\/wp-json\/wp\/v2\/product_tag?post=27143"}],"curies":[{"name":"wp","href":"https:\/\/api.w.org\/{rel}","templated":true}]}}