{"id":27352,"date":"2025-11-19T15:38:08","date_gmt":"2025-11-19T15:38:08","guid":{"rendered":"https:\/\/veidrodisplius.lt\/?post_type=product&#038;p=27352"},"modified":"2026-03-05T21:23:00","modified_gmt":"2026-03-05T21:23:00","slug":"veidrodis-su-priekiniu-ir-foniniu-apsvietimu-70x100-cm-bissau-70100","status":"publish","type":"product","link":"https:\/\/veidrodisplius.lt\/en\/product\/veidrodis-su-priekiniu-ir-foniniu-apsvietimu-70x100-cm-bissau-70100\/","title":{"rendered":"Veidrodis su priekiniu ir foniniu ap\u0161vietimu 70&#215;100 cm, Bissau 70100"},"content":{"rendered":"<p>[vc_row][vc_column][vc_column_text css=&#8221;&#8221;]<\/p>\n<h3>\u041codernus veidrodis su ap\u0161vietimu ir u\u017eapvalitais kampais.<\/h3>\n<p><strong class=\"Yjhzub\" data-sfc-cb=\"\" data-complete=\"true\" data-processed=\"true\">Bissau 70100<\/strong>\u00a0\u2013 tai auk\u0161\u010diausios kokyb\u0117s\u00a0<strong class=\"Yjhzub\" data-sfc-cb=\"\" data-complete=\"true\" data-processed=\"true\">vonios veidrodis<\/strong>, kuriame modernios technologijos susitinka su eleganti\u0161ku dizainu. \u0160is 70&#215;100 cm modelis i\u0161siskiria dviguba ap\u0161vietimo sistema, kuri ne tik puikiai ap\u0161vie\u010dia veid\u0105, bet ir sukuria prabang\u0173 fonin\u012f \u0161vyt\u0117jim\u0105 ant sienos. Tai idealus pasirinkimas ie\u0161kantiems\u00a0<strong class=\"Yjhzub\" data-sfc-cb=\"\" data-complete=\"true\" data-processed=\"true\">kokybi\u0161ko produkto u\u017e ger\u0105 kain\u0105<\/strong>.<\/p>\n<div class=\"otQkpb\" role=\"heading\" aria-level=\"3\" data-animation-nesting=\"\" data-sfc-cp=\"\" data-sfc-cb=\"\" data-complete=\"true\" data-processed=\"true\" data-sae=\"\">Kod\u0117l verta rinktis Bissau 70100?<\/div>\n<div class=\"otQkpb\" role=\"heading\" aria-level=\"3\" data-animation-nesting=\"\" data-sfc-cp=\"\" data-sfc-cb=\"\" data-complete=\"true\" data-processed=\"true\" data-sae=\"\">\u0160is\u00a0<strong class=\"Yjhzub\" data-sfc-cb=\"\" data-complete=\"true\" data-processed=\"true\">veidrodis su ap\u0161vietimu<\/strong> yra sukurtas kasdieniam komfortui. Dvigubas LED srautas u\u017etikrina, kad atliekant higienos ar makia\u017eo proced\u016bras nelikt\u0173 \u0161e\u0161\u0117li\u0173, o vonios kambarys \u012fgyt\u0173 vizualinio gylio ir modernumo.<\/div>\n<div role=\"heading\" aria-level=\"3\" data-animation-nesting=\"\" data-sfc-cp=\"\" data-sfc-cb=\"\" data-complete=\"true\" data-processed=\"true\" data-sae=\"\"><\/div>\n<div class=\"otQkpb\" role=\"heading\" aria-level=\"3\" data-animation-nesting=\"\" data-sfc-cp=\"\" data-sfc-cb=\"\" data-complete=\"true\" data-processed=\"true\" data-sae=\"\">Techniniai parametrai ir j\u016bs\u0173 pasirinkimai:<\/div>\n<div class=\"otQkpb\" role=\"heading\" aria-level=\"3\" data-animation-nesting=\"\" data-sfc-cp=\"\" data-sfc-cb=\"\" data-complete=\"true\" data-processed=\"true\" data-sae=\"\">Mes si\u016blome galimyb\u0119 sukomplektuoti veidrod\u012f pagal j\u016bs\u0173 asmeninius poreikius. Pasirinkite papildomas funkcijas, kurios pavers j\u016bs\u0173 kasdienyb\u0119 patogesne:<\/div>\n<div class=\"otQkpb\" role=\"heading\" aria-level=\"3\" data-animation-nesting=\"\" data-sfc-cp=\"\" data-sfc-cb=\"\" data-complete=\"true\" data-processed=\"true\" data-sae=\"\"><span class=\"T286Pc\" data-sfc-cp=\"\" data-sfc-cb=\"\" data-complete=\"true\"><strong class=\"Yjhzub\" data-sfc-cb=\"\" data-complete=\"true\">LED \u0161viesos temperat\u016bra:<\/strong>\u00a0<\/span><\/div>\n<ul class=\"KsbFXc U6u95\" data-sfc-cb=\"\" data-complete=\"true\" data-processed=\"true\">\n<li style=\"list-style-type: none;\">\n<ul class=\"KsbFXc U6u95\" data-sfc-cb=\"\" data-complete=\"true\">\n<li class=\"dF3vjf\" data-sfc-cb=\"\" data-hveid=\"CAEICRAB\" data-complete=\"true\" data-sae=\"\"><span class=\"T286Pc\" data-sfc-cp=\"\" data-sfc-cb=\"\" data-complete=\"true\"><strong class=\"Yjhzub\" data-sfc-cb=\"\" data-complete=\"true\">3000K<\/strong>\u00a0\u2013 \u0161iltai balta (jaukumui);<\/span><\/li>\n<li class=\"dF3vjf\" data-sfc-cb=\"\" data-hveid=\"CAEICRAC\" data-complete=\"true\" data-sae=\"\"><span class=\"T286Pc\" data-sfc-cp=\"\" data-sfc-cb=\"\" data-complete=\"true\"><strong class=\"Yjhzub\" data-sfc-cb=\"\" data-complete=\"true\">4000K<\/strong>\u00a0\u2013 neutrali balta (artimiausia dienos \u0161viesai, populiariausias pasirinkimas);<\/span><\/li>\n<li class=\"dF3vjf\" data-sfc-cb=\"\" data-hveid=\"CAEICRAD\" data-complete=\"true\" data-sae=\"\"><span class=\"T286Pc\" data-sfc-cp=\"\" data-sfc-cb=\"\" data-complete=\"true\"><strong class=\"Yjhzub\" data-sfc-cb=\"\" data-complete=\"true\">6000K<\/strong>\u00a0\u2013 \u0161altai balta (moderniam, steriliam \u012fvaizd\u017eiui).<\/span><\/li>\n<\/ul>\n<\/li>\n<li class=\"dF3vjf\" data-sfc-cb=\"\" data-hveid=\"CAEICRAE\" data-complete=\"true\" data-sae=\"\"><span class=\"T286Pc\" data-sfc-cp=\"\" data-sfc-cb=\"\" data-complete=\"true\"><strong class=\"Yjhzub\" data-sfc-cb=\"\" data-complete=\"true\">\u0160ildymo kilim\u0117lis (nuo rasojimo):<\/strong>\u00a0Pamir\u0161kite aprasojus\u012f stikl\u0105 po kar\u0161to du\u0161o \u2013 speciali funkcija i\u0161laiko skaidr\u0173 pavir\u0161i\u0173 bet kokiomis s\u0105lygomis.<\/span><\/li>\n<li class=\"dF3vjf\" data-sfc-cb=\"\" data-hveid=\"CAEICRAF\" data-complete=\"true\" data-sae=\"\"><span class=\"T286Pc\" data-sfc-cp=\"\" data-sfc-cb=\"\" data-complete=\"true\"><strong class=\"Yjhzub\" data-sfc-cb=\"\" data-complete=\"true\">Integruotas laikrodis:<\/strong>\u00a0Stilingas skaitmeninis laikrodis ant veidrod\u017eio pavir\u0161iaus pad\u0117s visada laiku susp\u0117ti \u012f susitikimus.<\/span><\/li>\n<li class=\"dF3vjf\" data-sfc-cb=\"\" data-hveid=\"CAEICRAG\" data-complete=\"true\" data-sae=\"\"><span class=\"T286Pc\" data-sfc-cp=\"\" data-sfc-cb=\"\" data-complete=\"true\"><strong class=\"Yjhzub\" data-sfc-cb=\"\" data-complete=\"true\">Modernus jungiklis:<\/strong> Galimyb\u0117 integruoti patog\u0173 jutiklin\u012f (Touch) jungikl\u012f tiesiai ant stiklo.<\/span><\/li>\n<\/ul>\n<div class=\"Y3BBE\" data-sfc-cp=\"\" data-sfc-cb=\"\" data-hveid=\"CAEIDBAA\" data-complete=\"true\" data-processed=\"true\">\n<div class=\"otQkpb\" role=\"heading\" aria-level=\"3\" data-animation-nesting=\"\" data-sfc-cp=\"\" data-sfc-cb=\"\" data-complete=\"true\" data-processed=\"true\" data-sae=\"\">Produkto privalumai:<\/div>\n<div role=\"heading\" aria-level=\"3\" data-animation-nesting=\"\" data-sfc-cp=\"\" data-sfc-cb=\"\" data-complete=\"true\" data-processed=\"true\" data-sae=\"\"><\/div>\n<ul>\n<li class=\"otQkpb\" role=\"heading\" aria-level=\"3\" data-complete=\"true\" data-processed=\"true\"><span class=\"T286Pc\" data-sfc-cp=\"\" data-sfc-cb=\"\" data-complete=\"true\"><strong class=\"Yjhzub\" data-sfc-cb=\"\" data-complete=\"true\">Dvigubas efektas:<\/strong>\u00a0Priekinis ir foninis LED ap\u0161vietimas.<\/span><\/li>\n<li class=\"otQkpb\" role=\"heading\" aria-level=\"3\" data-complete=\"true\" data-processed=\"true\"><span class=\"T286Pc\" data-sfc-cp=\"\" data-sfc-cb=\"\" data-complete=\"true\"><strong class=\"Yjhzub\" data-sfc-cb=\"\" data-complete=\"true\">Kokyb\u0117:<\/strong>\u00a0Naudojamas dr\u0117gmei atsparus 4 mm storio stiklas, atitinkantis IP44 saugos klas\u0119.<\/span><\/li>\n<li class=\"otQkpb\" role=\"heading\" aria-level=\"3\" data-complete=\"true\" data-processed=\"true\"><span class=\"T286Pc\" data-sfc-cp=\"\" data-sfc-cb=\"\" data-complete=\"true\"><strong class=\"Yjhzub\" data-sfc-cb=\"\" data-complete=\"true\">Universalumas:<\/strong>\u00a070&#215;100 cm matmenys leid\u017eia veidrod\u012f montuoti tiek vertikaliai, tiek horizontaliai.<\/span><\/li>\n<li class=\"otQkpb\" role=\"heading\" aria-level=\"3\" data-complete=\"true\" data-processed=\"true\"><span class=\"T286Pc\" data-sfc-cp=\"\" data-sfc-cb=\"\" data-complete=\"true\"><strong class=\"Yjhzub\" data-sfc-cb=\"\" data-complete=\"true\">Ilgaam\u017ei\u0161kumas:<\/strong>\u00a0Auk\u0161to naudingumo koeficiento LED juostos u\u017etikrina ilg\u0105 tarnavimo laik\u0105 ir ma\u017eas elektros s\u0105naudas.<\/span><button class=\"rBl3me\" tabindex=\"0\" data-amic=\"true\" data-icl-uuid=\"45d1663f-deeb-45cf-9379-4088075cd9bd\" aria-label=\"\u017dr. susijusias nuorodas\" data-wiz-attrbind=\"disabled=hDEBLb_2k\/C5gNJc;aria-label=hDEBLb_2k\/bOjMyf;class=hDEBLb_2k\/UpSNec\" data-ved=\"2ahUKEwja-uiW04mTAxX7KBAIHRbpLiEQye0OegYIAQgLEAQ\" data-hveid=\"CAEICxAE\"><\/button><\/li>\n<\/ul>\n<div class=\"Y3BBE\" data-sfc-cp=\"\" data-sfc-cb=\"\" data-hveid=\"CAEIDBAA\" data-complete=\"true\" data-processed=\"true\" aria-owns=\"action-menu-parent-container\">\u0160is\u00a0<strong class=\"Yjhzub\" data-sfc-cb=\"\" data-complete=\"true\" data-processed=\"true\">LED veidrodis<\/strong>\u00a0yra investicija \u012f j\u016bs\u0173 nam\u0173 stili\u0173 ir patogum\u0105. U\u017esisakykite\u00a0<strong class=\"Yjhzub\" data-sfc-cb=\"\" data-complete=\"true\" data-processed=\"true\">Bissau 70100<\/strong>\u00a0ir m\u0117gaukit\u0117s kokybe, kuri\u0105 \u012fvertins kiekvienas \u0161eimos narys.<\/div>\n<\/div>\n<div class=\"Fsg96\" data-sfc-cp=\"\" data-sfc-cb=\"\" data-complete=\"true\" data-processed=\"true\"><\/div>\n<hr class=\"j3tEEe\" data-sfc-pl=\"|[]\" data-sfc-cb=\"\" data-complete=\"true\" data-processed=\"true\" data-sae=\"\" \/>\n<div class=\"Fsg96\" data-sfc-cp=\"\" data-sfc-cb=\"\" data-complete=\"true\" data-processed=\"true\"><\/div>\n<p><strong>Veidrod\u017eio technin\u0117s\u00a0 savyb\u0117s:<\/strong><br \/>\nstiklo storis: 4 mm<br \/>\nkabinamas:\u00a0 horizontaliai ir vertikalia<br \/>\nsvoris:\u00a0 8 kg<br \/>\napdirbimo r\u016b\u0161is: veidrod\u017eio kra\u0161tin\u0117s \u0161lifuotos<br \/>\nleistina matmen\u0173 paklaida: + &#8211; 2 mm<br \/>\ngalia:\u00a0 18 W<br \/>\nLED tarnavimo laikas: iki 50000 val.<br \/>\nVeidrod\u017eio i\u0161matavimai: 70x100x2,5 cm<\/p>\n<p>*Komplektuojamas su pakabinimo elementais<\/p>\n<p><span style=\"color: #ff0000;\"><a style=\"color: #ff0000;\" href=\"https:\/\/www.veidrodisplius.lt\/veidrodzio-pakabinimo-instrukcija\/\">Veidrod\u017eio kabinimo instrukcija<\/a><\/span><\/p>\n<p>Gamintojo garantija:\u00a0 3 metai<\/p>\n<p>[\/vc_column_text][\/vc_column][\/vc_row]<\/p>\n","protected":false},"excerpt":{"rendered":"<p>Vonios veidrodis su ap\u0161vietimu 70&#215;100 cm.\u00a0 \u0160vie\u010diantis veidrodis u\u017eapvalintais kapmais.<\/p>\n<p>&nbsp;<\/p>\n","protected":false},"featured_media":28956,"comment_status":"closed","ping_status":"closed","template":"","meta":{"_acf_changed":false,"_exactmetrics_skip_tracking":false,"_exactmetrics_sitenote_active":false,"_exactmetrics_sitenote_note":"","_exactmetrics_sitenote_category":0,"site-sidebar-layout":"default","site-content-layout":"","ast-site-content-layout":"default","site-content-style":"default","site-sidebar-style":"default","ast-global-header-display":"","ast-banner-title-visibility":"","ast-main-header-display":"","ast-hfb-above-header-display":"","ast-hfb-below-header-display":"","ast-hfb-mobile-header-display":"","site-post-title":"","ast-breadcrumbs-content":"","ast-featured-img":"","footer-sml-layout":"","ast-disable-related-posts":"","theme-transparent-header-meta":"default","adv-header-id-meta":"","stick-header-meta":"default","header-above-stick-meta":"","header-main-stick-meta":"","header-below-stick-meta":"","astra-migrate-meta-layouts":"set","ast-page-background-enabled":"default","ast-page-background-meta":{"desktop":{"background-color":"var(--ast-global-color-5)","background-image":"","background-repeat":"repeat","background-position":"center center","background-size":"auto","background-attachment":"scroll","background-type":"","background-media":"","overlay-type":"","overlay-color":"","overlay-opacity":"","overlay-gradient":""},"tablet":{"background-color":"","background-image":"","background-repeat":"repeat","background-position":"center center","background-size":"auto","background-attachment":"scroll","background-type":"","background-media":"","overlay-type":"","overlay-color":"","overlay-opacity":"","overlay-gradient":""},"mobile":{"background-color":"","background-image":"","background-repeat":"repeat","background-position":"center center","background-size":"auto","background-attachment":"scroll","background-type":"","background-media":"","overlay-type":"","overlay-color":"","overlay-opacity":"","overlay-gradient":""}},"ast-content-background-meta":{"desktop":{"background-color":"var(--ast-global-color-4)","background-image":"","background-repeat":"repeat","background-position":"center center","background-size":"auto","background-attachment":"scroll","background-type":"","background-media":"","overlay-type":"","overlay-color":"","overlay-opacity":"","overlay-gradient":""},"tablet":{"background-color":"var(--ast-global-color-4)","background-image":"","background-repeat":"repeat","background-position":"center center","background-size":"auto","background-attachment":"scroll","background-type":"","background-media":"","overlay-type":"","overlay-color":"","overlay-opacity":"","overlay-gradient":""},"mobile":{"background-color":"var(--ast-global-color-4)","background-image":"","background-repeat":"repeat","background-position":"center center","background-size":"auto","background-attachment":"scroll","background-type":"","background-media":"","overlay-type":"","overlay-color":"","overlay-opacity":"","overlay-gradient":""}}},"product_brand":[],"product_cat":[222,139],"product_tag":[430,237,432,238,431,151],"class_list":{"0":"post-27352","1":"product","2":"type-product","3":"status-publish","4":"has-post-thumbnail","6":"product_cat-veidrodziai-uzapvalintais-kampais-us-apsvietimu","7":"product_cat-vonios-veidrodziai-su-led-apsvietimu","8":"product_tag-bissau-70100","9":"product_tag-led-veidrodis","10":"product_tag-modernus-veidrodis","11":"product_tag-veidrodis-su-apsvietimu","12":"product_tag-veidrodis-su-sildymo-kilimeliu","13":"product_tag-vonios-veidrodis","14":"desktop-align-left","15":"tablet-align-left","16":"mobile-align-left","17":"ast-product-gallery-layout-horizontal-slider","18":"ast-product-single-variable","19":"ast-product-tabs-layout-horizontal","21":"first","22":"onbackorder","23":"taxable","24":"shipping-taxable","25":"purchasable","26":"product-type-variable"},"acf":[],"_links":{"self":[{"href":"https:\/\/veidrodisplius.lt\/en\/wp-json\/wp\/v2\/product\/27352","targetHints":{"allow":["GET"]}}],"collection":[{"href":"https:\/\/veidrodisplius.lt\/en\/wp-json\/wp\/v2\/product"}],"about":[{"href":"https:\/\/veidrodisplius.lt\/en\/wp-json\/wp\/v2\/types\/product"}],"replies":[{"embeddable":true,"href":"https:\/\/veidrodisplius.lt\/en\/wp-json\/wp\/v2\/comments?post=27352"}],"wp:featuredmedia":[{"embeddable":true,"href":"https:\/\/veidrodisplius.lt\/en\/wp-json\/wp\/v2\/media\/28956"}],"wp:attachment":[{"href":"https:\/\/veidrodisplius.lt\/en\/wp-json\/wp\/v2\/media?parent=27352"}],"wp:term":[{"taxonomy":"product_brand","embeddable":true,"href":"https:\/\/veidrodisplius.lt\/en\/wp-json\/wp\/v2\/product_brand?post=27352"},{"taxonomy":"product_cat","embeddable":true,"href":"https:\/\/veidrodisplius.lt\/en\/wp-json\/wp\/v2\/product_cat?post=27352"},{"taxonomy":"product_tag","embeddable":true,"href":"https:\/\/veidrodisplius.lt\/en\/wp-json\/wp\/v2\/product_tag?post=27352"}],"curies":[{"name":"wp","href":"https:\/\/api.w.org\/{rel}","templated":true}]}}