{"id":27375,"date":"2025-11-20T15:02:56","date_gmt":"2025-11-20T15:02:56","guid":{"rendered":"https:\/\/veidrodisplius.lt\/?post_type=product&#038;p=27375"},"modified":"2026-02-22T19:02:07","modified_gmt":"2026-02-22T19:02:07","slug":"veidrodis-su-priekiniu-ir-foniniu-apsvietimu-70x100-cm-dakar-70100","status":"publish","type":"product","link":"https:\/\/veidrodisplius.lt\/en\/product\/veidrodis-su-priekiniu-ir-foniniu-apsvietimu-70x100-cm-dakar-70100\/","title":{"rendered":"Veidrodis su priekiniu ir foniniu ap\u0161vietimu 70&#215;100 cm, Dakar 70100"},"content":{"rendered":"<p>[vc_row][vc_column][vc_column_text css=&#8221;&#8221;]<\/p>\n<h3>\u041codernus veidrodis su ap\u0161vietimu .<\/h3>\n<p>Modernus\u00a0 70&#215;100 cm vonios veidrodis su\u00a0 LED ap\u0161vietimu . Veidrodis su priekiniu ir galiniu ap\u0161vietimu.<\/p>\n<p><strong>Veidrod\u017eio technin\u0117s\u00a0 savyb\u0117s:<\/strong><br \/>\nstiklo storis: 4 mm<br \/>\nkabinamas:\u00a0 horizontaliai ir vertikalia<br \/>\nsvoris:\u00a0 8 kg<br \/>\napdirbimo r\u016b\u0161is: veidrod\u017eio kra\u0161tin\u0117s \u0161lifuotos<br \/>\nleistina matmen\u0173 paklaida: + &#8211; 2 mm<br \/>\ngalia:\u00a0 18 W<br \/>\nLED saugos klase: IP 67<br \/>\nLED spalva:\u00a0 3000K, 4000K, 6000K<br \/>\nLED tarnavimo laikas: iki 50000 val.<br \/>\nVeidrod\u017eio i\u0161matavimai: 70x100x2,5 cm<\/p>\n<p>&nbsp;<\/p>\n<p>*Komplektuojamas su pakabinimo elementais<\/p>\n<p><span style=\"color: #ff0000;\"><a style=\"color: #ff0000;\" href=\"https:\/\/www.veidrodisplius.lt\/veidrodzio-pakabinimo-instrukcija\/\">Veidrod\u017eio kabinimo instrukcija<\/a><\/span><\/p>\n<p>Gamintojo garantija:\u00a0 2 metai<\/p>\n<p>[\/vc_column_text][\/vc_column][\/vc_row]<\/p>\n","protected":false},"excerpt":{"rendered":"<p>Vonios veidrodis su ap\u0161vietimu 70&#215;100 cm.\u00a0 \u0160vie\u010diantis veidrodis su preikiniu ir foniniu ap\u0161vietimu<\/p>\n<p>&nbsp;<\/p>\n","protected":false},"featured_media":27040,"comment_status":"closed","ping_status":"closed","template":"","meta":{"_acf_changed":false,"_exactmetrics_skip_tracking":false,"_exactmetrics_sitenote_active":false,"_exactmetrics_sitenote_note":"","_exactmetrics_sitenote_category":0,"site-sidebar-layout":"default","site-content-layout":"","ast-site-content-layout":"default","site-content-style":"default","site-sidebar-style":"default","ast-global-header-display":"","ast-banner-title-visibility":"","ast-main-header-display":"","ast-hfb-above-header-display":"","ast-hfb-below-header-display":"","ast-hfb-mobile-header-display":"","site-post-title":"","ast-breadcrumbs-content":"","ast-featured-img":"","footer-sml-layout":"","ast-disable-related-posts":"","theme-transparent-header-meta":"default","adv-header-id-meta":"","stick-header-meta":"default","header-above-stick-meta":"","header-main-stick-meta":"","header-below-stick-meta":"","astra-migrate-meta-layouts":"set","ast-page-background-enabled":"default","ast-page-background-meta":{"desktop":{"background-color":"var(--ast-global-color-5)","background-image":"","background-repeat":"repeat","background-position":"center center","background-size":"auto","background-attachment":"scroll","background-type":"","background-media":"","overlay-type":"","overlay-color":"","overlay-opacity":"","overlay-gradient":""},"tablet":{"background-color":"","background-image":"","background-repeat":"repeat","background-position":"center center","background-size":"auto","background-attachment":"scroll","background-type":"","background-media":"","overlay-type":"","overlay-color":"","overlay-opacity":"","overlay-gradient":""},"mobile":{"background-color":"","background-image":"","background-repeat":"repeat","background-position":"center center","background-size":"auto","background-attachment":"scroll","background-type":"","background-media":"","overlay-type":"","overlay-color":"","overlay-opacity":"","overlay-gradient":""}},"ast-content-background-meta":{"desktop":{"background-color":"var(--ast-global-color-4)","background-image":"","background-repeat":"repeat","background-position":"center center","background-size":"auto","background-attachment":"scroll","background-type":"","background-media":"","overlay-type":"","overlay-color":"","overlay-opacity":"","overlay-gradient":""},"tablet":{"background-color":"var(--ast-global-color-4)","background-image":"","background-repeat":"repeat","background-position":"center center","background-size":"auto","background-attachment":"scroll","background-type":"","background-media":"","overlay-type":"","overlay-color":"","overlay-opacity":"","overlay-gradient":""},"mobile":{"background-color":"var(--ast-global-color-4)","background-image":"","background-repeat":"repeat","background-position":"center center","background-size":"auto","background-attachment":"scroll","background-type":"","background-media":"","overlay-type":"","overlay-color":"","overlay-opacity":"","overlay-gradient":""}}},"product_brand":[],"product_cat":[177,139],"product_tag":[],"class_list":{"0":"post-27375","1":"product","2":"type-product","3":"status-publish","4":"has-post-thumbnail","6":"product_cat-staciakampiai-veidrodziai-su-led","7":"product_cat-vonios-veidrodziai-su-led-apsvietimu","8":"desktop-align-left","9":"tablet-align-left","10":"mobile-align-left","11":"ast-product-gallery-layout-horizontal-slider","12":"ast-product-single-variable","13":"ast-product-tabs-layout-horizontal","15":"first","16":"onbackorder","17":"taxable","18":"shipping-taxable","19":"purchasable","20":"product-type-variable"},"acf":[],"_links":{"self":[{"href":"https:\/\/veidrodisplius.lt\/en\/wp-json\/wp\/v2\/product\/27375","targetHints":{"allow":["GET"]}}],"collection":[{"href":"https:\/\/veidrodisplius.lt\/en\/wp-json\/wp\/v2\/product"}],"about":[{"href":"https:\/\/veidrodisplius.lt\/en\/wp-json\/wp\/v2\/types\/product"}],"replies":[{"embeddable":true,"href":"https:\/\/veidrodisplius.lt\/en\/wp-json\/wp\/v2\/comments?post=27375"}],"wp:featuredmedia":[{"embeddable":true,"href":"https:\/\/veidrodisplius.lt\/en\/wp-json\/wp\/v2\/media\/27040"}],"wp:attachment":[{"href":"https:\/\/veidrodisplius.lt\/en\/wp-json\/wp\/v2\/media?parent=27375"}],"wp:term":[{"taxonomy":"product_brand","embeddable":true,"href":"https:\/\/veidrodisplius.lt\/en\/wp-json\/wp\/v2\/product_brand?post=27375"},{"taxonomy":"product_cat","embeddable":true,"href":"https:\/\/veidrodisplius.lt\/en\/wp-json\/wp\/v2\/product_cat?post=27375"},{"taxonomy":"product_tag","embeddable":true,"href":"https:\/\/veidrodisplius.lt\/en\/wp-json\/wp\/v2\/product_tag?post=27375"}],"curies":[{"name":"wp","href":"https:\/\/api.w.org\/{rel}","templated":true}]}}