{"id":28001,"date":"2025-12-25T10:59:11","date_gmt":"2025-12-25T10:59:11","guid":{"rendered":"https:\/\/veidrodisplius.lt\/?post_type=product&#038;p=28001"},"modified":"2026-03-26T20:42:06","modified_gmt":"2026-03-26T20:42:06","slug":"netaisyklingos-formos-veidrodis-su-apsvietimu-ir-juodu-remeliu-110x55-cm-java-black-11055","status":"publish","type":"product","link":"https:\/\/veidrodisplius.lt\/en\/product\/netaisyklingos-formos-veidrodis-su-apsvietimu-ir-juodu-remeliu-110x55-cm-java-black-11055\/","title":{"rendered":"Netaisyklingos formos veidrodis su ap\u0161vietimu ir juodu r\u0117meliu110x55 cm, Java black 11055"},"content":{"rendered":"<p>[vc_row][vc_column][vc_column_text css=&#8221;&#8221;]<\/p>\n<h3>Netaisyklingos formos veidrodis su ap\u0161vietimu ir juodu r\u0117meliu 110&#215;55 cm \u2013 modernus ir stilingas pasirinkimas<\/h3>\n<p>Ie\u0161kote veidrod\u017eio, kuris tapt\u0173 i\u0161skirtiniu j\u016bs\u0173 nam\u0173 akcentu? <strong>Netaisyklingos formos veidrodis su LED ap\u0161vietimu 110&#215;55 cm<\/strong> \u2013 tai ne tik funkcionalus, bet ir stilingas interjero elementas, kuris suteiks j\u016bs\u0173 erdvei daugiau \u0161viesos, jaukumo ir estetikos.<\/p>\n<p>\u2714 <strong>Unikalus dizainas<\/strong> \u2013 moderni netaisyklinga forma suteikia interjerui i\u0161skirtinumo.<br \/>\n\u2714 <strong>Energij\u0105 taupantis LED ap\u0161vietimas<\/strong> \u2013 maloni ir efektyvi \u0161viesa j\u016bs\u0173 kasdieniam naudojimui.<br \/>\n\u2714 <strong>Auk\u0161ta kokyb\u0117<\/strong> \u2013 dr\u0117gmei atsparios med\u017eiagos u\u017etikrina ilgaam\u017ei\u0161kum\u0105 ir lengv\u0105 prie\u017ei\u016br\u0105.<br \/>\n\u2714 <strong>Universalus dydis (110&#215;55 cm)<\/strong> \u2013 puikiai tinka \u012fvairioms nam\u0173 erdv\u0117ms.<\/p>\n<p><strong>Sukurkite stiling\u0105 ir \u0161iuolaiki\u0161k\u0105 interjer\u0105 su i\u0161skirtiniu veidrod\u017eiu!<\/strong><\/p>\n<p>&nbsp;<\/p>\n<p><strong>Veidrod\u017eio technin\u0117s\u00a0 savyb\u0117s:<\/strong><br \/>\nstoris: 4 mm<br \/>\nspalva: sidabras<br \/>\nr\u0117mas: UV spauda (atspari vandeniui, trynimui ir brai\u017eymui)<br \/>\nkabinamas:\u00a0 vertikaliai, horizontaliai<br \/>\nsvoris:\u00a0 5 kg<br \/>\napdirbimo r\u016b\u0161is: veidrod\u017eio kra\u0161tin\u0117s \u0161lifuotos<br \/>\nleistina matmen\u0173 paklaida: + &#8211; 2 mm<br \/>\nkiekis: 1 vnt.<br \/>\ngalia:\u00a0 22 W<\/p>\n<p>Veidrod\u017eio i\u0161matavimai: 110x55x3 cm<\/p>\n<p>*Komplektuojamas su pakabinimo elementais<\/p>\n<p><span style=\"color: #ff0000;\"><a style=\"color: #ff0000;\" href=\"https:\/\/www.veidrodisplius.lt\/veidrodzio-pakabinimo-instrukcija\/\">Veidrod\u017eio kabinimo instrukcija<\/a><\/span><\/p>\n<p>Gamintojo garantija:\u00a0 3 metai[\/vc_column_text][\/vc_column][\/vc_row]<\/p>\n","protected":false},"excerpt":{"rendered":"<h3>Netaisyklingos formos veidrodis su ap\u0161vietimu ir juodu r\u0117meliu 110&#215;55 cm \u2013 modernus ir stilingas pasirinkimas<\/h3>\n<p><strong>Netaisyklingos formos veidrodis su LED ap\u0161vietimu ir juodu r\u0117meliu 110&#215;55 cm<\/strong> \u2013 tai ne tik funkcionalus, bet ir stilingas interjero elementas, kuris suteiks j\u016bs\u0173 erdvei daugiau \u0161viesos, jaukumo ir estetikos.<\/p>\n<p>&nbsp;<\/p>\n","protected":false},"featured_media":28008,"comment_status":"open","ping_status":"closed","template":"","meta":{"_acf_changed":false,"_exactmetrics_skip_tracking":false,"_exactmetrics_sitenote_active":false,"_exactmetrics_sitenote_note":"","_exactmetrics_sitenote_category":0,"site-sidebar-layout":"default","site-content-layout":"","ast-site-content-layout":"default","site-content-style":"default","site-sidebar-style":"default","ast-global-header-display":"","ast-banner-title-visibility":"","ast-main-header-display":"","ast-hfb-above-header-display":"","ast-hfb-below-header-display":"","ast-hfb-mobile-header-display":"","site-post-title":"","ast-breadcrumbs-content":"","ast-featured-img":"","footer-sml-layout":"","ast-disable-related-posts":"","theme-transparent-header-meta":"default","adv-header-id-meta":"","stick-header-meta":"default","header-above-stick-meta":"","header-main-stick-meta":"","header-below-stick-meta":"","astra-migrate-meta-layouts":"set","ast-page-background-enabled":"default","ast-page-background-meta":{"desktop":{"background-color":"var(--ast-global-color-5)","background-image":"","background-repeat":"repeat","background-position":"center center","background-size":"auto","background-attachment":"scroll","background-type":"","background-media":"","overlay-type":"","overlay-color":"","overlay-opacity":"","overlay-gradient":""},"tablet":{"background-color":"","background-image":"","background-repeat":"repeat","background-position":"center center","background-size":"auto","background-attachment":"scroll","background-type":"","background-media":"","overlay-type":"","overlay-color":"","overlay-opacity":"","overlay-gradient":""},"mobile":{"background-color":"","background-image":"","background-repeat":"repeat","background-position":"center center","background-size":"auto","background-attachment":"scroll","background-type":"","background-media":"","overlay-type":"","overlay-color":"","overlay-opacity":"","overlay-gradient":""}},"ast-content-background-meta":{"desktop":{"background-color":"var(--ast-global-color-4)","background-image":"","background-repeat":"repeat","background-position":"center center","background-size":"auto","background-attachment":"scroll","background-type":"","background-media":"","overlay-type":"","overlay-color":"","overlay-opacity":"","overlay-gradient":""},"tablet":{"background-color":"var(--ast-global-color-4)","background-image":"","background-repeat":"repeat","background-position":"center center","background-size":"auto","background-attachment":"scroll","background-type":"","background-media":"","overlay-type":"","overlay-color":"","overlay-opacity":"","overlay-gradient":""},"mobile":{"background-color":"var(--ast-global-color-4)","background-image":"","background-repeat":"repeat","background-position":"center center","background-size":"auto","background-attachment":"scroll","background-type":"","background-media":"","overlay-type":"","overlay-color":"","overlay-opacity":"","overlay-gradient":""}}},"product_brand":[],"product_cat":[145,219,205,139],"product_tag":[],"class_list":{"0":"post-28001","1":"product","2":"type-product","3":"status-publish","4":"has-post-thumbnail","6":"product_cat-figuriniai-veidrodziai","7":"product_cat-netaisyklingu-formu-veidrodziai","8":"product_cat-netaisyklingu-formu-veidrodziai-su-apsvietimu","9":"product_cat-vonios-veidrodziai-su-led-apsvietimu","10":"desktop-align-left","11":"tablet-align-left","12":"mobile-align-left","13":"ast-product-gallery-layout-horizontal-slider","14":"ast-product-single-variable","15":"ast-product-tabs-layout-horizontal","17":"first","18":"onbackorder","19":"taxable","20":"shipping-taxable","21":"purchasable","22":"product-type-variable"},"acf":[],"_links":{"self":[{"href":"https:\/\/veidrodisplius.lt\/en\/wp-json\/wp\/v2\/product\/28001","targetHints":{"allow":["GET"]}}],"collection":[{"href":"https:\/\/veidrodisplius.lt\/en\/wp-json\/wp\/v2\/product"}],"about":[{"href":"https:\/\/veidrodisplius.lt\/en\/wp-json\/wp\/v2\/types\/product"}],"replies":[{"embeddable":true,"href":"https:\/\/veidrodisplius.lt\/en\/wp-json\/wp\/v2\/comments?post=28001"}],"wp:featuredmedia":[{"embeddable":true,"href":"https:\/\/veidrodisplius.lt\/en\/wp-json\/wp\/v2\/media\/28008"}],"wp:attachment":[{"href":"https:\/\/veidrodisplius.lt\/en\/wp-json\/wp\/v2\/media?parent=28001"}],"wp:term":[{"taxonomy":"product_brand","embeddable":true,"href":"https:\/\/veidrodisplius.lt\/en\/wp-json\/wp\/v2\/product_brand?post=28001"},{"taxonomy":"product_cat","embeddable":true,"href":"https:\/\/veidrodisplius.lt\/en\/wp-json\/wp\/v2\/product_cat?post=28001"},{"taxonomy":"product_tag","embeddable":true,"href":"https:\/\/veidrodisplius.lt\/en\/wp-json\/wp\/v2\/product_tag?post=28001"}],"curies":[{"name":"wp","href":"https:\/\/api.w.org\/{rel}","templated":true}]}}