{"id":28282,"date":"2026-01-14T13:13:25","date_gmt":"2026-01-14T13:13:25","guid":{"rendered":"https:\/\/veidrodisplius.lt\/?post_type=product&#038;p=28282"},"modified":"2026-01-14T13:23:16","modified_gmt":"2026-01-14T13:23:16","slug":"veidrodis-uzapvalintais-kampais-8c-a23050x100-cm","status":"publish","type":"product","link":"https:\/\/veidrodisplius.lt\/en\/product\/veidrodis-uzapvalintais-kampais-8c-a23050x100-cm\/","title":{"rendered":"Veidrodis u\u017eapvalintais kampais 50&#215;100 (100&#215;50) cm, 8c &#8211; \u0410\/230"},"content":{"rendered":"<h3>Veidrodis\u00a0 50&#215;100 (100&#215;50) cm.<\/h3>\n<p>Gra\u017eus, modernus, pakabinamas veidrodis be r\u0117mo. Veidrodis yra atsparus dr\u0117gmei tinka vonios kambariui.<\/p>\n<p><strong>Veidrod\u017eio technin\u0117s\u00a0 savyb\u0117s:<\/strong><br \/>\nstoris: 4 mm<br \/>\nveidrod\u017eio spalva: sidabrin\u0117<br \/>\nsvoris:\u00a0 5 kg<br \/>\napdirbimo r\u016b\u0161is: veidrod\u017eio kra\u0161tin\u0117s \u0161lifuotos<br \/>\nleistina matmen\u0173 paklaida: + &#8211; 3 mm<br \/>\nkiekis: 1 vnt.<\/p>\n<p>Veidrod\u017eio i\u0161matavimai: 5&#215;100 cm<\/p>\n<p>*Veidrodis komplektuojamas su pakabinimo elementais<\/p>\n<p><span style=\"color: #ff0000;\"><a style=\"color: #ff0000;\" href=\"https:\/\/www.veidrodisplius.lt\/veidrodzio-pakabinimo-instrukcija\/\">Veidrod\u017eio kabinimo instrukcija<\/a><\/span><\/p>\n<p>Gamintojo garantija:\u00a0 2 metai<\/p>\n","protected":false},"excerpt":{"rendered":"<p>Veidrodis u\u017eapvalintais kampais 50&#215;100 cm<\/p>\n","protected":false},"featured_media":28287,"comment_status":"open","ping_status":"closed","template":"","meta":{"_acf_changed":false,"_exactmetrics_skip_tracking":false,"_exactmetrics_sitenote_active":false,"_exactmetrics_sitenote_note":"","_exactmetrics_sitenote_category":0,"site-sidebar-layout":"default","site-content-layout":"","ast-site-content-layout":"default","site-content-style":"default","site-sidebar-style":"default","ast-global-header-display":"","ast-banner-title-visibility":"","ast-main-header-display":"","ast-hfb-above-header-display":"","ast-hfb-below-header-display":"","ast-hfb-mobile-header-display":"","site-post-title":"","ast-breadcrumbs-content":"","ast-featured-img":"","footer-sml-layout":"","ast-disable-related-posts":"","theme-transparent-header-meta":"default","adv-header-id-meta":"","stick-header-meta":"default","header-above-stick-meta":"","header-main-stick-meta":"","header-below-stick-meta":"","astra-migrate-meta-layouts":"set","ast-page-background-enabled":"default","ast-page-background-meta":{"desktop":{"background-color":"var(--ast-global-color-5)","background-image":"","background-repeat":"repeat","background-position":"center center","background-size":"auto","background-attachment":"scroll","background-type":"","background-media":"","overlay-type":"","overlay-color":"","overlay-opacity":"","overlay-gradient":""},"tablet":{"background-color":"","background-image":"","background-repeat":"repeat","background-position":"center center","background-size":"auto","background-attachment":"scroll","background-type":"","background-media":"","overlay-type":"","overlay-color":"","overlay-opacity":"","overlay-gradient":""},"mobile":{"background-color":"","background-image":"","background-repeat":"repeat","background-position":"center center","background-size":"auto","background-attachment":"scroll","background-type":"","background-media":"","overlay-type":"","overlay-color":"","overlay-opacity":"","overlay-gradient":""}},"ast-content-background-meta":{"desktop":{"background-color":"var(--ast-global-color-4)","background-image":"","background-repeat":"repeat","background-position":"center center","background-size":"auto","background-attachment":"scroll","background-type":"","background-media":"","overlay-type":"","overlay-color":"","overlay-opacity":"","overlay-gradient":""},"tablet":{"background-color":"var(--ast-global-color-4)","background-image":"","background-repeat":"repeat","background-position":"center center","background-size":"auto","background-attachment":"scroll","background-type":"","background-media":"","overlay-type":"","overlay-color":"","overlay-opacity":"","overlay-gradient":""},"mobile":{"background-color":"var(--ast-global-color-4)","background-image":"","background-repeat":"repeat","background-position":"center center","background-size":"auto","background-attachment":"scroll","background-type":"","background-media":"","overlay-type":"","overlay-color":"","overlay-opacity":"","overlay-gradient":""}}},"product_brand":[],"product_cat":[145,218],"product_tag":[],"class_list":{"0":"post-28282","1":"product","2":"type-product","3":"status-publish","4":"has-post-thumbnail","6":"product_cat-figuriniai-veidrodziai","7":"product_cat-uzapvalintais-kampais","8":"desktop-align-left","9":"tablet-align-left","10":"mobile-align-left","11":"ast-product-gallery-layout-horizontal-slider","12":"ast-product-tabs-layout-horizontal","14":"first","15":"instock","16":"taxable","17":"shipping-taxable","18":"purchasable","19":"product-type-simple"},"acf":[],"_links":{"self":[{"href":"https:\/\/veidrodisplius.lt\/en\/wp-json\/wp\/v2\/product\/28282","targetHints":{"allow":["GET"]}}],"collection":[{"href":"https:\/\/veidrodisplius.lt\/en\/wp-json\/wp\/v2\/product"}],"about":[{"href":"https:\/\/veidrodisplius.lt\/en\/wp-json\/wp\/v2\/types\/product"}],"replies":[{"embeddable":true,"href":"https:\/\/veidrodisplius.lt\/en\/wp-json\/wp\/v2\/comments?post=28282"}],"wp:featuredmedia":[{"embeddable":true,"href":"https:\/\/veidrodisplius.lt\/en\/wp-json\/wp\/v2\/media\/28287"}],"wp:attachment":[{"href":"https:\/\/veidrodisplius.lt\/en\/wp-json\/wp\/v2\/media?parent=28282"}],"wp:term":[{"taxonomy":"product_brand","embeddable":true,"href":"https:\/\/veidrodisplius.lt\/en\/wp-json\/wp\/v2\/product_brand?post=28282"},{"taxonomy":"product_cat","embeddable":true,"href":"https:\/\/veidrodisplius.lt\/en\/wp-json\/wp\/v2\/product_cat?post=28282"},{"taxonomy":"product_tag","embeddable":true,"href":"https:\/\/veidrodisplius.lt\/en\/wp-json\/wp\/v2\/product_tag?post=28282"}],"curies":[{"name":"wp","href":"https:\/\/api.w.org\/{rel}","templated":true}]}}