{"id":3548,"date":"2019-08-23T15:25:36","date_gmt":"2019-08-23T15:25:36","guid":{"rendered":"https:\/\/veidrodisplius.lt\/?post_type=product&#038;p=3548"},"modified":"2025-07-26T12:48:44","modified_gmt":"2025-07-26T12:48:44","slug":"kvadratinis-veidrodis-su-remu-dramblio-kaulas-63x63-cm-by-0780","status":"publish","type":"product","link":"https:\/\/veidrodisplius.lt\/en\/product\/kvadratinis-veidrodis-su-remu-dramblio-kaulas-63x63-cm-by-0780\/","title":{"rendered":"Kvadratinis veidrodis su r\u0117mu &#8220;Dramblio kaulas&#8221; 63&#215;63 cm. BY 0780"},"content":{"rendered":"<h3>Kvadratinis veidrodis su r\u0117mu &#8220;Dramblio kaulas&#8221; 63&#215;63 cm<\/h3>\n<p>Stilingas kvadratinis veidrodis su r\u0117mu. Veidrod\u017eio r\u0117mas kvadrato formos. R\u0117mo plotis 52 mm, dramblio kaulo spalvos.\u00a0 Veidrodis yra atsparus dr\u0117gmei tinka vonios kambariui. \u0160is veidrodis b\u016btinai\u00a0 papuo\u0161, bet kur\u012f kambar\u012f J\u016bs\u0173 namuose. Veidrod\u017eio r\u0117mas pagamintas i\u0161 poliuretano dervos mases.<\/p>\n<p><strong>Veidrod\u017eio technin\u0117s\u00a0 savyb\u0117s:<\/strong><br \/>\nstoris: 4 mm<br \/>\nveidrod\u017eio spalva: sidabrin\u0117,<br \/>\nr\u0117mo spalva:\u00a0 dramblio kaulo,<br \/>\nkabinamas:\u00a0 vertikaliai ir horizontaliai<br \/>\nsvoris: 3,77 kg<br \/>\napdirbimo r\u016b\u0161is: veidrod\u017eio kra\u0161tin\u0117s \u0161lifuotos<br \/>\nleistina matmen\u0173 paklaida: + &#8211; 3 mm<br \/>\nkiekis: 1 vnt.<\/p>\n<p>Veidrod\u017eio i\u0161matavimai su r\u0117mu: 63x63x3 cm<\/p>\n<p><span style=\"color: #ff0000;\"><a style=\"color: #ff0000;\" href=\"https:\/\/www.veidrodisplius.lt\/veidrodzio-pakabinimo-instrukcija\/\">Veidrod\u017eio kabinimo instrukcija<\/a><\/span><\/p>\n<p>Gamintojo garantija:\u00a0 5 metai<\/p>\n<p>&nbsp;<\/p>\n","protected":false},"excerpt":{"rendered":"<p>Kvadratinis veidrodis su dramblio kaulo spalvos r\u0117mu.<\/p>\n","protected":false},"featured_media":3549,"comment_status":"open","ping_status":"closed","template":"","meta":{"_acf_changed":false,"_exactmetrics_skip_tracking":false,"_exactmetrics_sitenote_active":false,"_exactmetrics_sitenote_note":"","_exactmetrics_sitenote_category":0,"site-sidebar-layout":"default","site-content-layout":"","ast-site-content-layout":"default","site-content-style":"default","site-sidebar-style":"default","ast-global-header-display":"","ast-banner-title-visibility":"","ast-main-header-display":"","ast-hfb-above-header-display":"","ast-hfb-below-header-display":"","ast-hfb-mobile-header-display":"","site-post-title":"","ast-breadcrumbs-content":"","ast-featured-img":"","footer-sml-layout":"","ast-disable-related-posts":"","theme-transparent-header-meta":"","adv-header-id-meta":"","stick-header-meta":"","header-above-stick-meta":"","header-main-stick-meta":"","header-below-stick-meta":"","astra-migrate-meta-layouts":"default","ast-page-background-enabled":"default","ast-page-background-meta":{"desktop":{"background-color":"var(--ast-global-color-5)","background-image":"","background-repeat":"repeat","background-position":"center center","background-size":"auto","background-attachment":"scroll","background-type":"","background-media":"","overlay-type":"","overlay-color":"","overlay-opacity":"","overlay-gradient":""},"tablet":{"background-color":"","background-image":"","background-repeat":"repeat","background-position":"center center","background-size":"auto","background-attachment":"scroll","background-type":"","background-media":"","overlay-type":"","overlay-color":"","overlay-opacity":"","overlay-gradient":""},"mobile":{"background-color":"","background-image":"","background-repeat":"repeat","background-position":"center center","background-size":"auto","background-attachment":"scroll","background-type":"","background-media":"","overlay-type":"","overlay-color":"","overlay-opacity":"","overlay-gradient":""}},"ast-content-background-meta":{"desktop":{"background-color":"var(--ast-global-color-4)","background-image":"","background-repeat":"repeat","background-position":"center center","background-size":"auto","background-attachment":"scroll","background-type":"","background-media":"","overlay-type":"","overlay-color":"","overlay-opacity":"","overlay-gradient":""},"tablet":{"background-color":"var(--ast-global-color-4)","background-image":"","background-repeat":"repeat","background-position":"center center","background-size":"auto","background-attachment":"scroll","background-type":"","background-media":"","overlay-type":"","overlay-color":"","overlay-opacity":"","overlay-gradient":""},"mobile":{"background-color":"var(--ast-global-color-4)","background-image":"","background-repeat":"repeat","background-position":"center center","background-size":"auto","background-attachment":"scroll","background-type":"","background-media":"","overlay-type":"","overlay-color":"","overlay-opacity":"","overlay-gradient":""}}},"product_brand":[],"product_cat":[166,142],"product_tag":[],"class_list":{"0":"post-3548","1":"product","2":"type-product","3":"status-publish","4":"has-post-thumbnail","6":"product_cat-veidrodzio-remas-dramblio-kaulas","7":"product_cat-veidrodziai-su-remu","8":"desktop-align-left","9":"tablet-align-left","10":"mobile-align-left","11":"ast-product-gallery-layout-horizontal-slider","12":"ast-product-tabs-layout-horizontal","14":"first","15":"onbackorder","16":"taxable","17":"shipping-taxable","18":"purchasable","19":"product-type-simple"},"acf":[],"_links":{"self":[{"href":"https:\/\/veidrodisplius.lt\/en\/wp-json\/wp\/v2\/product\/3548","targetHints":{"allow":["GET"]}}],"collection":[{"href":"https:\/\/veidrodisplius.lt\/en\/wp-json\/wp\/v2\/product"}],"about":[{"href":"https:\/\/veidrodisplius.lt\/en\/wp-json\/wp\/v2\/types\/product"}],"replies":[{"embeddable":true,"href":"https:\/\/veidrodisplius.lt\/en\/wp-json\/wp\/v2\/comments?post=3548"}],"wp:featuredmedia":[{"embeddable":true,"href":"https:\/\/veidrodisplius.lt\/en\/wp-json\/wp\/v2\/media\/3549"}],"wp:attachment":[{"href":"https:\/\/veidrodisplius.lt\/en\/wp-json\/wp\/v2\/media?parent=3548"}],"wp:term":[{"taxonomy":"product_brand","embeddable":true,"href":"https:\/\/veidrodisplius.lt\/en\/wp-json\/wp\/v2\/product_brand?post=3548"},{"taxonomy":"product_cat","embeddable":true,"href":"https:\/\/veidrodisplius.lt\/en\/wp-json\/wp\/v2\/product_cat?post=3548"},{"taxonomy":"product_tag","embeddable":true,"href":"https:\/\/veidrodisplius.lt\/en\/wp-json\/wp\/v2\/product_tag?post=3548"}],"curies":[{"name":"wp","href":"https:\/\/api.w.org\/{rel}","templated":true}]}}