{"id":3598,"date":"2019-08-24T12:20:24","date_gmt":"2019-08-24T12:20:24","guid":{"rendered":"https:\/\/veidrodisplius.lt\/?post_type=product&#038;p=3598"},"modified":"2025-07-26T12:32:07","modified_gmt":"2025-07-26T12:32:07","slug":"veidrodis-su-remu-bronzinis-akvedukas-47x57-cm-by-3362","status":"publish","type":"product","link":"https:\/\/veidrodisplius.lt\/en\/product\/veidrodis-su-remu-bronzinis-akvedukas-47x57-cm-by-3362\/","title":{"rendered":"Veidrodis su r\u0117mu &#8220;Bronzinis akvedukas&#8221; 47&#215;57 cm. BY 3362"},"content":{"rendered":"<h3>Veidrodis su r\u0117mu &#8220;Bronzinis akvedukas&#8221; 47&#215;57 cm<\/h3>\n<p>Prabangus, labai gra\u017eus veidrodis su r\u0117mu. Veidrod\u017eio r\u0117mas sta\u010diakampio formos. R\u0117mo plotis 93 mm, bronzos spalvos.\u00a0 Veidrodis yra atsparus dr\u0117gmei tinka vonios kambariui. \u0160is veidrodis b\u016btinai\u00a0 papuo\u0161, bet kur\u012f kambar\u012f J\u016bs\u0173 namuose. Veidrod\u017eio r\u0117mas pagamintas i\u0161 poliuretano dervos mases.<\/p>\n<p><strong>Veidrod\u017eio technin\u0117s\u00a0 savyb\u0117s:<\/strong><br \/>\nstoris: 4 mm<br \/>\nveidrod\u017eio spalva: sidabrin\u0117<br \/>\nr\u0117mo spalva:\u00a0 bronzin\u0117<br \/>\nkabinamas:\u00a0 vertikaliai ir horizontaliai<br \/>\nsvoris: 3,23 kg<br \/>\napdirbimo r\u016b\u0161is: veidrod\u017eio kra\u0161tin\u0117s facetas 25 mm<br \/>\nleistina matmen\u0173 paklaida: + &#8211; 3 mm<br \/>\nkiekis: 1 vnt.<\/p>\n<p>Veidrod\u017eio i\u0161matavimai su r\u0117mu: 47x57x4 cm<\/p>\n<p><span style=\"color: #ff0000;\"><a style=\"color: #ff0000;\" href=\"https:\/\/www.veidrodisplius.lt\/veidrodzio-pakabinimo-instrukcija\/\">Veidrod\u017eio kabinimo instrukcija<\/a><\/span><\/p>\n<p>Gamintojo garantija:\u00a0 5 metai<\/p>\n<p>&nbsp;<\/p>\n","protected":false},"excerpt":{"rendered":"<p>Vonios veidrodis su r\u0117mu &#8221; Bronzinis akvedukas&#8221;.<\/p>\n","protected":false},"featured_media":3599,"comment_status":"open","ping_status":"closed","template":"","meta":{"_acf_changed":false,"_exactmetrics_skip_tracking":false,"_exactmetrics_sitenote_active":false,"_exactmetrics_sitenote_note":"","_exactmetrics_sitenote_category":0,"site-sidebar-layout":"default","site-content-layout":"","ast-site-content-layout":"default","site-content-style":"default","site-sidebar-style":"default","ast-global-header-display":"","ast-banner-title-visibility":"","ast-main-header-display":"","ast-hfb-above-header-display":"","ast-hfb-below-header-display":"","ast-hfb-mobile-header-display":"","site-post-title":"","ast-breadcrumbs-content":"","ast-featured-img":"","footer-sml-layout":"","ast-disable-related-posts":"","theme-transparent-header-meta":"","adv-header-id-meta":"","stick-header-meta":"","header-above-stick-meta":"","header-main-stick-meta":"","header-below-stick-meta":"","astra-migrate-meta-layouts":"default","ast-page-background-enabled":"default","ast-page-background-meta":{"desktop":{"background-color":"var(--ast-global-color-5)","background-image":"","background-repeat":"repeat","background-position":"center center","background-size":"auto","background-attachment":"scroll","background-type":"","background-media":"","overlay-type":"","overlay-color":"","overlay-opacity":"","overlay-gradient":""},"tablet":{"background-color":"","background-image":"","background-repeat":"repeat","background-position":"center center","background-size":"auto","background-attachment":"scroll","background-type":"","background-media":"","overlay-type":"","overlay-color":"","overlay-opacity":"","overlay-gradient":""},"mobile":{"background-color":"","background-image":"","background-repeat":"repeat","background-position":"center center","background-size":"auto","background-attachment":"scroll","background-type":"","background-media":"","overlay-type":"","overlay-color":"","overlay-opacity":"","overlay-gradient":""}},"ast-content-background-meta":{"desktop":{"background-color":"var(--ast-global-color-4)","background-image":"","background-repeat":"repeat","background-position":"center center","background-size":"auto","background-attachment":"scroll","background-type":"","background-media":"","overlay-type":"","overlay-color":"","overlay-opacity":"","overlay-gradient":""},"tablet":{"background-color":"var(--ast-global-color-4)","background-image":"","background-repeat":"repeat","background-position":"center center","background-size":"auto","background-attachment":"scroll","background-type":"","background-media":"","overlay-type":"","overlay-color":"","overlay-opacity":"","overlay-gradient":""},"mobile":{"background-color":"var(--ast-global-color-4)","background-image":"","background-repeat":"repeat","background-position":"center center","background-size":"auto","background-attachment":"scroll","background-type":"","background-media":"","overlay-type":"","overlay-color":"","overlay-opacity":"","overlay-gradient":""}}},"product_brand":[],"product_cat":[169,142],"product_tag":[],"class_list":{"0":"post-3598","1":"product","2":"type-product","3":"status-publish","4":"has-post-thumbnail","6":"product_cat-veidrodzio-remas-bronzinis-akvedukas","7":"product_cat-veidrodziai-su-remu","8":"desktop-align-left","9":"tablet-align-left","10":"mobile-align-left","11":"ast-product-gallery-layout-horizontal-slider","12":"ast-product-tabs-layout-horizontal","14":"first","15":"onbackorder","16":"taxable","17":"shipping-taxable","18":"purchasable","19":"product-type-simple"},"acf":[],"_links":{"self":[{"href":"https:\/\/veidrodisplius.lt\/en\/wp-json\/wp\/v2\/product\/3598","targetHints":{"allow":["GET"]}}],"collection":[{"href":"https:\/\/veidrodisplius.lt\/en\/wp-json\/wp\/v2\/product"}],"about":[{"href":"https:\/\/veidrodisplius.lt\/en\/wp-json\/wp\/v2\/types\/product"}],"replies":[{"embeddable":true,"href":"https:\/\/veidrodisplius.lt\/en\/wp-json\/wp\/v2\/comments?post=3598"}],"wp:featuredmedia":[{"embeddable":true,"href":"https:\/\/veidrodisplius.lt\/en\/wp-json\/wp\/v2\/media\/3599"}],"wp:attachment":[{"href":"https:\/\/veidrodisplius.lt\/en\/wp-json\/wp\/v2\/media?parent=3598"}],"wp:term":[{"taxonomy":"product_brand","embeddable":true,"href":"https:\/\/veidrodisplius.lt\/en\/wp-json\/wp\/v2\/product_brand?post=3598"},{"taxonomy":"product_cat","embeddable":true,"href":"https:\/\/veidrodisplius.lt\/en\/wp-json\/wp\/v2\/product_cat?post=3598"},{"taxonomy":"product_tag","embeddable":true,"href":"https:\/\/veidrodisplius.lt\/en\/wp-json\/wp\/v2\/product_tag?post=3598"}],"curies":[{"name":"wp","href":"https:\/\/api.w.org\/{rel}","templated":true}]}}